{"id":15,"date":"2025-01-01T20:58:50","date_gmt":"2025-01-01T20:58:50","guid":{"rendered":"http:\/\/www.kuzinefindik.com.tr\/?page_id=15"},"modified":"2025-01-01T20:58:50","modified_gmt":"2025-01-01T20:58:50","slug":"siparis","status":"publish","type":"page","link":"http:\/\/www.kuzinefindik.com.tr\/?page_id=15","title":{"rendered":"Sipari\u015f"},"content":{"rendered":"\n<p>Sipari\u015f ve \u00f6nerileriniz i\u00e7in l\u00fctfen a\u015fa\u011f\u0131daki ileti\u015fim kanallar\u0131ndan bize ula\u015f\u0131n\u0131z.&nbsp;<\/p>\n\n\n\n<p>Sipari\u015fleriniz i\u00e7in l\u00fctfen a\u015fa\u011f\u0131da yaz\u0131l\u0131 IBAN numaras\u0131n\u0131 kullan\u0131n\u0131z. Sipari\u015flerinizde alaca\u011f\u0131n\u0131z f\u0131nd\u0131k \u00fcr\u00fcn\u00fc size en az 1 koli olacak \u015fekilde fatura bilgilerinizin yer ald\u0131\u011f\u0131 adresinize g\u00f6nderilecektir.<\/p>\n\n\n\n<p>Sipari\u015flerinizi&nbsp;<a href=\"mailto:info@kuzinefindik.com.tr\">info@kuzinefindik.com.tr<\/a>&nbsp;adresine ka\u00e7 koli alaca\u011f\u0131n\u0131z\u0131 yazarak verilmesini ve fatura bilgilerinizi yazman\u0131z\u0131 istemekteyiz.<\/p>\n\n\n\n<p>WhatsApp: 05336688873<\/p>\n\n\n\n<p>E-mail:&nbsp;<a href=\"mailto:info@kuzinefindik.com.tr\">info@kuzinefindik.com.tr<\/a><\/p>\n\n\n\n<p>Cep Tel:0506-9452862<\/p>\n\n\n\n<p>Banka Hesap Bilgilerimiz<\/p>\n\n\n\n<p>Halk&nbsp;Bankas\u0131 Espiye \u015eubesi<\/p>\n\n\n\n<p>TR&nbsp;43 0001&nbsp;2001&nbsp;3540&nbsp;0001 1078 61<\/p>\n\n\n\n<p>Sadullah Cebeci<\/p>\n\n\n\n<p>Banka havalelerinizde mutlaka a\u00e7\u0131klama k\u0131sm\u0131na isim soyisim belirtiniz.<\/p>\n\n\n\n<p>Not: \u00dcr\u00fcnlerimiz sipari\u015f al\u0131nd\u0131ktan sonra \u00fcretime girmektedir. Bu sebeple \u00fcr\u00fcn\u00fcn\u00fcz &nbsp;\u00f6deme ger\u00e7ekle\u015ftikten&nbsp;&nbsp;4 g\u00fcn i\u00e7erisinde&nbsp; \u00fcretime girecektir.<\/p>\n","protected":false},"excerpt":{"rendered":"<p>Sipari\u015f ve \u00f6nerileriniz i\u00e7in l\u00fctfen a\u015fa\u011f\u0131daki ileti\u015fim kanallar\u0131ndan bize ula\u015f\u0131n\u0131z.&nbsp; Sipari\u015fleriniz i\u00e7in l\u00fctfen a\u015fa\u011f\u0131da yaz\u0131l\u0131 IBAN numaras\u0131n\u0131 kullan\u0131n\u0131z. Sipari\u015flerinizde alaca\u011f\u0131n\u0131z f\u0131nd\u0131k \u00fcr\u00fcn\u00fc size en az&hellip;<\/p>\n","protected":false},"author":1,"featured_media":0,"parent":0,"menu_order":0,"comment_status":"closed","ping_status":"closed","template":"","meta":{"footnotes":""},"class_list":["post-15","page","type-page","status-publish","hentry"],"_links":{"self":[{"href":"http:\/\/www.kuzinefindik.com.tr\/index.php?rest_route=\/wp\/v2\/pages\/15","targetHints":{"allow":["GET"]}}],"collection":[{"href":"http:\/\/www.kuzinefindik.com.tr\/index.php?rest_route=\/wp\/v2\/pages"}],"about":[{"href":"http:\/\/www.kuzinefindik.com.tr\/index.php?rest_route=\/wp\/v2\/types\/page"}],"author":[{"embeddable":true,"href":"http:\/\/www.kuzinefindik.com.tr\/index.php?rest_route=\/wp\/v2\/users\/1"}],"replies":[{"embeddable":true,"href":"http:\/\/www.kuzinefindik.com.tr\/index.php?rest_route=%2Fwp%2Fv2%2Fcomments&post=15"}],"version-history":[{"count":1,"href":"http:\/\/www.kuzinefindik.com.tr\/index.php?rest_route=\/wp\/v2\/pages\/15\/revisions"}],"predecessor-version":[{"id":17,"href":"http:\/\/www.kuzinefindik.com.tr\/index.php?rest_route=\/wp\/v2\/pages\/15\/revisions\/17"}],"wp:attachment":[{"href":"http:\/\/www.kuzinefindik.com.tr\/index.php?rest_route=%2Fwp%2Fv2%2Fmedia&parent=15"}],"curies":[{"name":"wp","href":"https:\/\/api.w.org\/{rel}","templated":true}]}}