{"id":18,"date":"2025-01-01T20:58:18","date_gmt":"2025-01-01T20:58:18","guid":{"rendered":"http:\/\/www.kuzinefindik.com.tr\/?page_id=18"},"modified":"2025-01-01T20:58:18","modified_gmt":"2025-01-01T20:58:18","slug":"kuzine-findik","status":"publish","type":"page","link":"http:\/\/www.kuzinefindik.com.tr\/?page_id=18","title":{"rendered":"Kuzine F\u0131nd\u0131k"},"content":{"rendered":"\n<div class=\"wp-block-media-text is-stacked-on-mobile\"><figure class=\"wp-block-media-text__media\"><img loading=\"lazy\" decoding=\"async\" width=\"640\" height=\"480\" src=\"http:\/\/www.kuzinefindik.com.tr\/wp-content\/uploads\/2025\/01\/DSCN0190-Small.jpg\" alt=\"\" class=\"wp-image-20 size-full\" srcset=\"http:\/\/www.kuzinefindik.com.tr\/wp-content\/uploads\/2025\/01\/DSCN0190-Small.jpg 640w, http:\/\/www.kuzinefindik.com.tr\/wp-content\/uploads\/2025\/01\/DSCN0190-Small-300x225.jpg 300w\" sizes=\"auto, (max-width: 640px) 100vw, 640px\" \/><\/figure><div class=\"wp-block-media-text__content\">\n<p class=\"has-medium-font-size\">Yandaki resimlerde k\u00f6y\u00fcm\u00fczde geleneksel olarak kullan\u0131lan kuzine sobalar\u0131ndan bir tanesi g\u00f6r\u00fclmektedir.Bu sobalarda genellikle yak\u0131t olarak f\u0131nd\u0131k odunu ve f\u0131nd\u0131k kabu\u011fu kullan\u0131l\u0131r.F\u0131nd\u0131k odunu ve kabu\u011funda i\u00e7 f\u0131nd\u0131klar kuzine sobas\u0131nda kavrulur.Y\u00f6resel bir kavurma olan bu y\u00f6ntemde f\u0131nd\u0131klar \u00f6zel aromas\u0131n\u0131 \u00fczerinde tutarak \u00e7ok lezzetli bir tat al\u0131r. Bizim gelene\u011fimizde ve g\u00f6rene\u011fimizde y\u0131llard\u0131r yer&nbsp;alm\u0131\u015f olan bu kuzine sobalar\u0131nda&nbsp;pi\u015fen yerli ekme\u011fimiz, f\u0131nd\u0131\u011f\u0131m\u0131z, patates&nbsp;ve&nbsp;yemeklerin&nbsp;lezzetini kuzinenin haricinde&nbsp;pi\u015firdi\u011fimiz hi\u00e7bir f\u0131r\u0131nda yakalayamay\u0131z. Bizlerin amac\u0131 bu y\u00f6resel kavurma y\u00f6ntemini sizlerle tan\u0131\u015ft\u0131rmak olacakt\u0131r.<\/p>\n\n\n\n<p class=\"has-medium-font-size\">\u015eunu da unutmamak gerekir ki&nbsp;&nbsp;T\u00fcrkiye D\u00fcnya\u2019n\u0131n en kaliteli ve lezzetli f\u0131nd\u0131klar\u0131n\u0131 yeti\u015ftirir.&nbsp;T\u00fcrkiye\u2019de ise en kaliteli, en lezzetli f\u0131nd\u0131k Giresun&#8217;un ya\u011fl\u0131 f\u0131nd\u0131\u011f\u0131d\u0131r.<\/p>\n<\/div><\/div>\n\n\n\n<h1 class=\"wp-block-heading\">F\u0131nd\u0131\u011f\u0131n Sa\u011fl\u0131\u011fa Faydalar\u0131<\/h1>\n\n\n\n<p class=\"has-medium-font-size\">Bir avu\u00e7 f\u0131nd\u0131k v\u00fccudun g\u00fcn i\u00e7erisinde ihtiyac\u0131 olan t\u00fcm proteini kar\u015f\u0131lamaktad\u0131r. \u00d6zellikle geli\u015fim \u00e7a\u011f\u0131nda ki \u00e7ocuklar her g\u00fcn d\u00fczenli olarak f\u0131nd\u0131k t\u00fckettiklerinde v\u00fccut geli\u015fimini destekleyerek, enerji verir. Enerji verdi\u011fi bilinen f\u0131nd\u0131k beden ve zihin yorgunlu\u011funu gidererek canl\u0131l\u0131k verir. Hastal\u0131klar\u0131n iyile\u015fme d\u00f6nemlerinde t\u00fcketilen f\u0131nd\u0131k yaralar\u0131n daha h\u0131zl\u0131 kapanmas\u0131n\u0131 ve v\u00fccudun daha \u00e7abuk toparlanmas\u0131n\u0131 sa\u011flar. F\u0131nd\u0131ktan elde edilen f\u0131nd\u0131k ya\u011f\u0131, b\u00f6brek rahats\u0131zl\u0131klar\u0131n\u0131n tedavisinde b\u00fcy\u00fck rol oynamaktad\u0131r. B\u00f6breklerde g\u00f6r\u00fclen ve a\u011fr\u0131 veren kum ile ta\u015flar\u0131n \u00e7ok daha h\u0131zl\u0131 ve sanc\u0131s\u0131z d\u00fc\u015f\u00fcr\u00fclmesine yard\u0131mc\u0131 olur.<\/p>\n\n\n\n<p class=\"has-medium-font-size\"><strong>Kalp ve damar sa\u011fl\u0131\u011f\u0131n\u0131n korunmas\u0131nda<\/strong>\u00a0yard\u0131mc\u0131 olur. Y\u00fcksek tansiyon hastalar\u0131n\u0131n fazla miktarda f\u0131nd\u0131k t\u00fcketmeleri \u00f6nerilmemektedir. <strong>F\u0131nd\u0131\u011f\u0131n Kalp ve Damar Sa\u011fl\u0131\u011f\u0131na Faydalar\u0131:<\/strong>\u00a0\u0130\u00e7eri\u011finde yer alan doymam\u0131\u015f ya\u011flar kalp ve damar sa\u011fl\u0131\u011f\u0131n\u0131 koruyarak kalp krizi riskini azaltmaktad\u0131r. K\u00f6t\u00fc niyetli kolesterol\u00fcn d\u00fc\u015f\u00fclmesine yard\u0131mc\u0131 olurken iyi kolesterol\u00fc de destekler. \u0130\u00e7erdi\u011fi Omega 3 damarlar\u0131 koruyarak kan ak\u015f\u0131n\u0131 d\u00fczenler ve kalp sa\u011fl\u0131\u011f\u0131n\u0131 korur.<\/p>\n\n\n\n<p class=\"has-medium-font-size\"><strong>F\u0131nd\u0131k Erken Ya\u015flanmay\u0131 Engelleyebili<\/strong>r:&nbsp;G\u00fcnl\u00fck bir bardak f\u0131nd\u0131k t\u00fcketimi E vitamini ihtiyac\u0131n\u0131n %86\u2019n\u0131 kar\u015f\u0131lar. Ayn\u0131 zamanda A ve C vitamini yan\u0131nda g\u00fc\u00e7l\u00fc antioksidanlar i\u00e7erir. Bu vitaminlerin sinerjik etkileri ya\u015flanmay\u0131 \u00f6nleyebilir. Cilt \u00fczerindeki \u00e7izgileri ve k\u0131\u015f\u0131r\u0131kl\u0131klar\u0131 engeleyebilir.F\u0131nd\u0131\u011f\u0131n ezilerek bir miktar hakiki ya\u011f ile kar\u0131\u015ft\u0131r\u0131ld\u0131ktan sonra cilde uygulanmas\u0131 ayr\u0131ca cildin nemlenmesini ve yumu\u015famas\u0131n\u0131 sa\u011flamakta\u0131d\u0131r.Cildinizde f\u0131nd\u0131k ya\u011f\u0131 da uygulayabilirsiniz. Bu uygulama &nbsp;sert cilt yap\u0131s\u0131n\u0131 yumu\u015fat\u0131r, &nbsp;UV \u0131\u015f\u0131nlar\u0131n\u0131n zararl\u0131 etkilerinden sizi korur, &nbsp;bu ba\u011flamda f\u0131nd\u0131k do\u011fal g\u00fcne\u015f koruyucu olarak hareket edebilir..Antioksidanlarla dolu f\u0131nd\u0131k cildin sa\u011fl\u0131\u011f\u0131n\u0131 korumak i\u00e7in hayati bir rol oynayabilir. Bu \u00f6zelli\u011fi sayesinde cilde zarar veren serbest radikallerden temizler. Ayr\u0131ca UVA \/ UVB \u0131\u015f\u0131nlar\u0131n\u0131n neden oldu\u011fu cilt kanserinden cildi korur.Antioksidanlar ile birlikte flavanoitlerin cilt h\u00fccrelerinin yenilenmesine yard\u0131mc\u0131 olur. F\u0131nd\u0131k \u00f6zellikle hassas ciltler i\u00e7in \u00f6nemli bir nemlendirici g\u00f6revi g\u00f6rmektedir.F\u0131nd\u0131\u011f\u0131n cilt sa\u011fl\u0131\u011f\u0131na katk\u0131lar\u0131 bu kadarla s\u0131n\u0131rl\u0131 de\u011fil.&nbsp; Ayn\u0131 zamanda akne sorunlar\u0131n\u0131 da giderme \u00f6zelli\u011fine sahip. F\u0131nd\u0131k \u00f6zellikle kahve \u00e7ekirdekleri ile birlikte akne e\u011filimli ciltler i\u00e7in m\u00fckemmel bir temizleyici olabilir. Bunun i\u00e7in, 1 tatl\u0131 ka\u015f\u0131\u011f\u0131 kavrulmu\u015f f\u0131nd\u0131\u011f\u0131 ezin ve bir miktar hindistan cevizi ya\u011f\u0131 ve zeytinya\u011f\u0131 ( yar\u0131m \u00e7ay ka\u015f\u0131\u011f\u0131) &nbsp;kahve tozu , yar\u0131m \u00e7ay ka\u015f\u0131\u011f\u0131 \u015fekeri iyice kar\u0131\u015ft\u0131r\u0131n ve akneden etkilenen k\u0131sma uygulay\u0131n.<\/p>\n\n\n\n<p class=\"has-medium-font-size\"><strong>Sa\u00e7 Sa\u011fl\u0131\u011f\u0131 \u0130\u00e7in F\u0131nd\u0131k<\/strong>:&nbsp;F\u0131nd\u0131k sa\u00e7 rengini de de\u011fi\u015ftirebilir. Genelde kimyasal maddeler yard\u0131m\u0131yla yap\u0131lan bu i\u015flem f\u0131nd\u0131k sayesinde daha sa\u011fl\u0131kl\u0131 bir \u015fekilde yap\u0131labilir. Sa\u00e7lar\u0131 \u00f6zellikle kahve rengine \u00e7evirmesinin yan\u0131nda sa\u00e7 sa\u011fl\u0131\u011f\u0131na da \u00f6nemli katk\u0131da bulunabilir. Bunun i\u00e7in ak\u015fam yatmadan \u00f6nce f\u0131nd\u0131k ya\u011f\u0131n\u0131 sa\u00e7\u0131n\u0131za uygulay\u0131n ve sabah \u015fampuanla y\u0131kay\u0131n. Bu uygulama sa\u00e7lar\u0131n\u0131za sa\u011fl\u0131kl\u0131 bir g\u00f6r\u00fcn\u00fcm katacakt\u0131r.Kuru ve y\u0131pranm\u0131\u015f sa\u00e7lar i\u00e7in de f\u0131nf\u0131k alternatif \u00e7\u00f6z\u00fcm olabilir. 2 tane yumurta ile iyice ezilmi\u015f iki ka\u015f\u0131k f\u0131nd\u0131k tozunu iyice kar\u0131\u015ft\u0131r\u0131n. Ve daha sonra kafa derinize uygulay\u0131n . 20 dakika sonra&nbsp; sa\u00e7lar\u0131n\u0131z\u0131 \u015fampu\u011fanla y\u0131kay\u0131n. Bu uygulama yard\u0131m\u0131yla sa\u00e7lardaki kuruluk problemini ortadan kalkt\u0131\u011f\u0131n\u0131 g\u00f6receksiniz.<\/p>\n\n\n\n<p class=\"has-medium-font-size\"><strong>F\u0131nd\u0131k Kilo Vermeye Yard\u0131mc\u0131 Olur<\/strong>:&nbsp;A\u015f\u0131r\u0131 f\u0131nd\u0131k t\u00fcketiminin kiloya neden olaca\u011f\u0131 y\u00f6n\u00fcnde genel bir kanaat vard\u0131r. Fakat yemeklerden \u00f6nce yar\u0131m avu\u00e7 f\u0131nd\u0131k yemek mideyi doyurur ve&nbsp; yemek iste\u011fini giderir.&nbsp; Bu kadar f\u0131nd\u0131k fazla kalori i\u00e7ermez.<\/p>\n\n\n\n<p class=\"has-medium-font-size\"><strong>F\u0131nd\u0131k Kalp Sa\u011fl\u0131\u011f\u0131n\u0131 Koru<\/strong>r:&nbsp;F\u0131nd\u0131klar doymam\u0131\u015f ya\u011flar a\u00e7\u0131s\u0131ndan \u00e7ok iyi bir kaynakt\u0131r . Doymam\u0131\u015f ya\u011flar, \u00f6zellikle de oleik asit, HDL ve &nbsp;LDL seviyelerini dengeleme potansiyeline sahiptir. Magnzeyum ve kalsiyum seviyesini dengeleyerek kalp sa\u011fl\u0131\u011f\u0131na katk\u0131da bulunur. Magnezyum seviyesinin fazla olmas\u0131 kalp sa\u011fl\u0131\u011f\u0131n\u0131 tehtid eder.<\/p>\n\n\n\n<p class=\"has-medium-font-size\"><strong>F\u0131nd\u0131k Kanseri \u00d6nler:&nbsp;<\/strong>\u00d6zell,ikle mesane kanserini \u00f6nlemede etkili olabilir. Y\u00fcksek miktarda E vitamini i\u00e7erdi\u011fi i\u00e7in mesane kanserini ba\u015flang\u0131\u00e7 a\u015famas\u0131nda \u00f6nleyebilir. Bunun d\u0131\u015f\u0131nda manganez a\u00e7\u0131s\u0131ndan zengin olmas\u0131 di\u011fer kanser t\u00fcrlerine kar\u015f\u0131 etkili olmas\u0131n\u0131 sa\u011flar.<\/p>\n\n\n\n<p class=\"has-medium-font-size\"><strong>Kas Sa\u011fl\u0131\u011f\u0131 \u0130\u00e7in F\u0131nd\u0131k<\/strong>:.&nbsp;Daha \u00f6nce de belirtti\u011fimiz gibi, magnezyum h\u00fccrelerin sa\u011fl\u0131kl\u0131 bir \u015fekilde hareket etmeleri i\u00e7in \u00e7ok \u00f6enmli bir maddedir. Bu y\u00fczden kaslarda kramp ve kas\u0131lmalar\u0131n meydana gelmemesi i\u00e7im magnezyuma ihtiya\u00e7 vard\u0131r. Magnezyum sayesinde f\u0131nd\u0131k, kas gerginli\u011fini azalt\u0131r ve kas yorgunlu\u011fu, spazm, kramp ve a\u011fr\u0131 \u00f6nlemek i\u00e7in m\u00fccadele eder.&nbsp;&nbsp;&nbsp;&nbsp;&nbsp;&nbsp;&nbsp;&nbsp;&nbsp;&nbsp;&nbsp;&nbsp;&nbsp;&nbsp;&nbsp;&nbsp;&nbsp;&nbsp;&nbsp;&nbsp;&nbsp;&nbsp;&nbsp;&nbsp;<\/p>\n\n\n\n<p class=\"has-medium-font-size\"><strong>F\u0131nd\u0131k Kab\u0131zl\u0131k Sorunlar\u0131n\u0131 Giderir:&nbsp;<\/strong>F\u0131nd\u0131\u011f\u0131n lif a\u00e7\u0131s\u0131ndan zengin olmas\u0131 genel anlamda sindirim sistemi sa\u011fl\u0131\u011f\u0131 i\u00e7in \u00f6nemlidir. Lifler sayesinde ba\u011f\u0131rsak hareketlerini h\u0131zland\u0131rma \u00f6zelli\u011fi vard\u0131r. Bu ayr\u0131ca kilo vermeye yard\u0131mc\u0131 olur.&nbsp;&nbsp;&nbsp;<\/p>\n\n\n\n<p class=\"has-medium-font-size\"><strong>F\u0131nd\u0131k Sinir Sistemini Korur:&nbsp;<\/strong>Vitamin B6 amino asitlerin d\u00fczg\u00fcn i\u015flemesi i\u00e7in gerekli bir vitamindir. Bu asitler, &nbsp;sinir sisteminin sa\u011fl\u0131\u011f\u0131n\u0131 korumada bir d\u00fczenleyici rol oynarlar. B6 vitamini eksikli\u011fi, miyelin sinir sisteminin optimum \u015fekilde \u00e7al\u0131\u015fmas\u0131 i\u00e7in gerekli olan [verimlilik ve elektrik sinyallerinin &nbsp;h\u0131z\u0131ndan &nbsp;sorumlu sinir yal\u0131t\u0131m tabakas\u0131] sentezine engel olabilinmektedir. B6 vitaminin i\u00e7erdi\u011fi epinefrin, melatonin ve serotonin ve &nbsp;\u00e7e\u015fitli n\u00f6rotransmiterler, sinir sisteminin sa\u011fl\u0131kl\u0131 \u00e7al\u0131\u015fmas\u0131 i\u00e7in m\u00fccadele ederler.<\/p>\n\n\n\n<p class=\"has-medium-font-size\"><strong>F\u0131nd\u0131k Sindirim Sistemi Sa\u011fl\u0131\u011f\u0131n\u0131 Korur:&nbsp;<\/strong>Manganez, enzim etkinle\u015ftirici, kataliz, kolesterol ve ya\u011f asitlerini sentezlemede \u00f6nemli bir rol oynayan &nbsp;mineraldir. Bu mineral, ayn\u0131 zamanda \u00f6nemli bir karbonhidrat ve protein metabolik ajand\u0131r. Bu \u00f6zelliklerinden dolay\u0131 f\u0131nd\u0131k &nbsp;sindirim sisteminin sa\u011fl\u0131\u011f\u0131n\u0131 korur ve s\u00fcrekli aktif kalmas\u0131na yard\u0131mc\u0131 olur.At\u0131klar ve toksinlerinlerin d\u0131\u015fk\u0131 yoluyla v\u00fccuttan at\u0131lmalar\u0131n\u0131 lifler yrad\u0131m\u0131yla kolayla\u015ft\u0131r\u0131r.<\/p>\n\n\n\n<p class=\"has-medium-font-size\"><strong>F\u0131nd\u0131k Ba\u011f\u0131\u015f\u0131kl\u0131k Sistemini Korur&nbsp; ve Stresle M\u00fccadeleyi Artt\u0131r\u0131r:&nbsp;<\/strong>F\u0131nd\u0131k kalsiyum, potasyum, manganez, magnezyum gibi \u00e7e\u015fitli mineraller dahil olmak \u00fczere &nbsp;bir \u00e7ok \u00e7e\u015fit maddeleri i\u00e7ermektedir. T\u00fcm bu besin v\u00fccutta d\u00fczenli kan ak\u0131\u015f\u0131n\u0131 sa\u011flamak i\u00e7in gereklidir.D\u00fczenli kan ak\u0131\u015f\u0131 ba\u011f\u0131\u015f\u0131kl\u0131k sisteminin sa\u011fl\u0131kl\u0131 bir \u015fekilde \u00e7al\u0131\u015fmas\u0131n\u0131 sa\u011flar.<\/p>\n\n\n\n<p class=\"has-medium-font-size\">Bunun d\u0131\u015f\u0131nda f\u0131nd\u0131k stresle m\u00fccadeleyi artt\u0131r\u0131r. Depresyona kar\u015f\u0131 etkilidir.F\u0131nd\u0131k omega 3 ya\u011f asitleri ile birlikte, a-linolenik asit a\u00e7\u0131s\u0131ndan zengindir. Ayr\u0131ca f\u0131nd\u0131\u011f\u0131n i\u00e7erdi\u011fi B Vitaminleri&nbsp; anksiyete, stres, depresyon, ve hatta \u015fizofrenik ko\u015fullar\u0131 bile olumlu y\u00f6nde de\u011fi\u015ftirebilir<\/p>\n\n\n\n<p class=\"has-medium-font-size\"><strong>F\u0131nd\u0131k Do\u011furganl\u0131k seviyesini Artt\u0131rabilir:&nbsp;<\/strong>F\u0131nd\u0131\u011f\u0131n \u00e7ok eski \u00e7a\u011flardan beri do\u011furganl\u0131k orn\u0131n\u0131 artt\u0131rd\u0131\u011f\u0131 bilinmektedir. Bunun yan\u0131nda adet sanc\u0131lar\u0131n\u0131 gidermeye yard\u0131mc\u0131 olabilir. B\u00fct\u00fcn bunlar\u0131n yan\u0131nda hamilelik d\u00f6neminde anneler i\u00e7in iyi ve yan etkili olmayan harika bir besin kayna\u011f\u0131d\u0131r. Hamilelik s\u00fcrecinde meydana gelebilecek kab\u0131zl\u0131k vakalar\u0131n\u0131 giderebilir.<\/p>\n\n\n\n<p class=\"has-medium-font-size\">Folatlar bebeklerin b\u00fcy\u00fcmesine katk\u0131da bulunan bir unsurdur. 30 graml\u0131k bir f\u0131nd\u0131k b\u00fcnyenin ihtiya\u00e7 duydu\u011fu folat\u0131n %17\u2019ni kar\u015f\u0131layabilir.<\/p>\n\n\n\n<p class=\"has-medium-font-size\"><strong>F\u0131nd\u0131\u011f\u0131n Di\u011fer Faydalar\u0131:&nbsp;<\/strong>F\u0131nd\u0131k diyabeti \u00f6nleyebilir i\u00e7erdi\u011fi y\u00fcksek lifler yard\u0131m\u0131yla 2. tip diyabete olumlu y\u00f6nde etki yapar. F\u0131nd\u0131k k\u00f6t\u00fc&nbsp; kolesterol seviyesini azalt\u0131rken, iyi kolesterol seviyesini artt\u0131r\u0131r.F\u0131nd\u0131k kan bas\u0131n\u0131c\u0131n\u0131 d\u00fczenler. \u0130\u00e7erd\u011fi potasyum ,diyet lifleri ve doymam\u0131\u015f ya\u011flar yard\u0131m\u0131yla inmeleri ve kalp krizlerini engeleyebilir. F\u0131nd\u0131k ayn\u0131 zamanda kilo vermeye yard\u0131mc\u0131 olur.&nbsp; G\u00fcnl\u00fck 3-4 gram f\u0131nd\u0131k t\u00fcketimi bir \u00e7ok a\u00e7\u0131dan sa\u011fl\u0131\u011fa fayda sa\u011flar.<\/p>\n\n\n\n<p class=\"has-medium-font-size\">Uyar\u0131<\/p>\n\n\n\n<p class=\"has-medium-font-size\">Bu web sitesinde yer alan hi\u00e7bir i\u00e7erik tan\u0131 ve tedavi niteli\u011fi ta\u015f\u0131mamaktad\u0131r. Tamamiyle f\u0131nd\u0131kla ilgili temel bilgiler i\u00e7ermektedir.. Kar\u015f\u0131la\u015ft\u0131\u011f\u0131n\u0131z sa\u011fl\u0131k sorunlar\u0131 ve alternatif tedavi y\u00f6ntemleri i\u00e7in doktorunuza ba\u015fvurmal\u0131s\u0131n\u0131z. 112 Acil Yard\u0131m numaras\u0131ndan acil destek alabilir, 182 Hekim Randevu Sisteminden doktorunuzdan muayene i\u00e7in randevu alabilirsiniz.<\/p>\n\n\n\n<figure class=\"wp-block-image size-full is-resized\"><img loading=\"lazy\" decoding=\"async\" width=\"591\" height=\"591\" src=\"http:\/\/www.kuzinefindik.com.tr\/wp-content\/uploads\/2025\/01\/calisma.jpg\" alt=\"\" class=\"wp-image-21\" style=\"width:645px;height:auto\" srcset=\"http:\/\/www.kuzinefindik.com.tr\/wp-content\/uploads\/2025\/01\/calisma.jpg 591w, http:\/\/www.kuzinefindik.com.tr\/wp-content\/uploads\/2025\/01\/calisma-300x300.jpg 300w, http:\/\/www.kuzinefindik.com.tr\/wp-content\/uploads\/2025\/01\/calisma-150x150.jpg 150w\" sizes=\"auto, (max-width: 591px) 100vw, 591px\" \/><\/figure>\n","protected":false},"excerpt":{"rendered":"<p>Yandaki resimlerde k\u00f6y\u00fcm\u00fczde geleneksel olarak kullan\u0131lan kuzine sobalar\u0131ndan bir tanesi g\u00f6r\u00fclmektedir.Bu sobalarda genellikle yak\u0131t olarak f\u0131nd\u0131k odunu ve f\u0131nd\u0131k kabu\u011fu kullan\u0131l\u0131r.F\u0131nd\u0131k odunu ve kabu\u011funda i\u00e7&hellip;<\/p>\n","protected":false},"author":1,"featured_media":0,"parent":0,"menu_order":0,"comment_status":"closed","ping_status":"closed","template":"","meta":{"footnotes":""},"class_list":["post-18","page","type-page","status-publish","hentry"],"_links":{"self":[{"href":"http:\/\/www.kuzinefindik.com.tr\/index.php?rest_route=\/wp\/v2\/pages\/18","targetHints":{"allow":["GET"]}}],"collection":[{"href":"http:\/\/www.kuzinefindik.com.tr\/index.php?rest_route=\/wp\/v2\/pages"}],"about":[{"href":"http:\/\/www.kuzinefindik.com.tr\/index.php?rest_route=\/wp\/v2\/types\/page"}],"author":[{"embeddable":true,"href":"http:\/\/www.kuzinefindik.com.tr\/index.php?rest_route=\/wp\/v2\/users\/1"}],"replies":[{"embeddable":true,"href":"http:\/\/www.kuzinefindik.com.tr\/index.php?rest_route=%2Fwp%2Fv2%2Fcomments&post=18"}],"version-history":[{"count":1,"href":"http:\/\/www.kuzinefindik.com.tr\/index.php?rest_route=\/wp\/v2\/pages\/18\/revisions"}],"predecessor-version":[{"id":22,"href":"http:\/\/www.kuzinefindik.com.tr\/index.php?rest_route=\/wp\/v2\/pages\/18\/revisions\/22"}],"wp:attachment":[{"href":"http:\/\/www.kuzinefindik.com.tr\/index.php?rest_route=%2Fwp%2Fv2%2Fmedia&parent=18"}],"curies":[{"name":"wp","href":"https:\/\/api.w.org\/{rel}","templated":true}]}}