{"id":23,"date":"2025-01-01T20:57:09","date_gmt":"2025-01-01T20:57:09","guid":{"rendered":"http:\/\/www.kuzinefindik.com.tr\/?page_id=23"},"modified":"2025-01-01T20:57:09","modified_gmt":"2025-01-01T20:57:09","slug":"bize-ulasin","status":"publish","type":"page","link":"http:\/\/www.kuzinefindik.com.tr\/?page_id=23","title":{"rendered":"Bize Ula\u015f\u0131n"},"content":{"rendered":"\n<p>\u00dcr\u00fcnlerimiz hakk\u0131nda daha fazla bilgi i\u00e7in bizimle ileti\u015fime ge\u00e7in. Deneyimli asistanlar\u0131m\u0131z, ihtiya\u00e7 duydu\u011funuz&nbsp;bilgilere ula\u015fmada sizlere&nbsp;yard\u0131mc\u0131 olacaklard\u0131r. Asistanlar\u0131m\u0131z haftan\u0131n 6 g\u00fcn\u00fc 09: 00- 18: 00 saatleri aras\u0131nda hizmetinizdedir.&nbsp;<\/p>\n\n\n\n<p>Gsm:&nbsp;0533 668 88 73<\/p>\n\n\n\n<p>&nbsp;&nbsp;&nbsp;&nbsp;&nbsp;&nbsp;&nbsp; &nbsp;0530 478 70 28<\/p>\n\n\n\n<p>&nbsp;&nbsp;&nbsp;&nbsp;&nbsp;&nbsp;&nbsp;&nbsp;&nbsp;0506-9452862<\/p>\n\n\n\n<p>Tel: 0454-612 00 70<\/p>\n\n\n\n<p>E-mail: info@kuzinefindik.com.tr<\/p>\n\n\n\n<p><\/p>\n","protected":false},"excerpt":{"rendered":"<p>\u00dcr\u00fcnlerimiz hakk\u0131nda daha fazla bilgi i\u00e7in bizimle ileti\u015fime ge\u00e7in. Deneyimli asistanlar\u0131m\u0131z, ihtiya\u00e7 duydu\u011funuz&nbsp;bilgilere ula\u015fmada sizlere&nbsp;yard\u0131mc\u0131 olacaklard\u0131r. Asistanlar\u0131m\u0131z haftan\u0131n 6 g\u00fcn\u00fc 09: 00- 18: 00 saatleri&hellip;<\/p>\n","protected":false},"author":1,"featured_media":0,"parent":0,"menu_order":0,"comment_status":"closed","ping_status":"closed","template":"","meta":{"footnotes":""},"class_list":["post-23","page","type-page","status-publish","hentry"],"_links":{"self":[{"href":"http:\/\/www.kuzinefindik.com.tr\/index.php?rest_route=\/wp\/v2\/pages\/23","targetHints":{"allow":["GET"]}}],"collection":[{"href":"http:\/\/www.kuzinefindik.com.tr\/index.php?rest_route=\/wp\/v2\/pages"}],"about":[{"href":"http:\/\/www.kuzinefindik.com.tr\/index.php?rest_route=\/wp\/v2\/types\/page"}],"author":[{"embeddable":true,"href":"http:\/\/www.kuzinefindik.com.tr\/index.php?rest_route=\/wp\/v2\/users\/1"}],"replies":[{"embeddable":true,"href":"http:\/\/www.kuzinefindik.com.tr\/index.php?rest_route=%2Fwp%2Fv2%2Fcomments&post=23"}],"version-history":[{"count":1,"href":"http:\/\/www.kuzinefindik.com.tr\/index.php?rest_route=\/wp\/v2\/pages\/23\/revisions"}],"predecessor-version":[{"id":24,"href":"http:\/\/www.kuzinefindik.com.tr\/index.php?rest_route=\/wp\/v2\/pages\/23\/revisions\/24"}],"wp:attachment":[{"href":"http:\/\/www.kuzinefindik.com.tr\/index.php?rest_route=%2Fwp%2Fv2%2Fmedia&parent=23"}],"curies":[{"name":"wp","href":"https:\/\/api.w.org\/{rel}","templated":true}]}}