{"id":25,"date":"2025-01-01T20:58:57","date_gmt":"2025-01-01T20:58:57","guid":{"rendered":"http:\/\/www.kuzinefindik.com.tr\/?page_id=25"},"modified":"2025-01-01T20:58:57","modified_gmt":"2025-01-01T20:58:57","slug":"urunlerimiz","status":"publish","type":"page","link":"http:\/\/www.kuzinefindik.com.tr\/?page_id=25","title":{"rendered":"\u00dcr\u00fcnlerimiz"},"content":{"rendered":"\n<div class=\"wp-block-media-text is-stacked-on-mobile\"><figure class=\"wp-block-media-text__media\"><img loading=\"lazy\" decoding=\"async\" width=\"645\" height=\"1024\" src=\"http:\/\/www.kuzinefindik.com.tr\/wp-content\/uploads\/2025\/01\/150-645x1024.jpg\" alt=\"\" class=\"wp-image-26 size-full\" srcset=\"http:\/\/www.kuzinefindik.com.tr\/wp-content\/uploads\/2025\/01\/150-645x1024.jpg 645w, http:\/\/www.kuzinefindik.com.tr\/wp-content\/uploads\/2025\/01\/150-189x300.jpg 189w, http:\/\/www.kuzinefindik.com.tr\/wp-content\/uploads\/2025\/01\/150-768x1220.jpg 768w, http:\/\/www.kuzinefindik.com.tr\/wp-content\/uploads\/2025\/01\/150.jpg 806w\" sizes=\"auto, (max-width: 645px) 100vw, 645px\" \/><\/figure><div class=\"wp-block-media-text__content\">\n<p>150 Gram Kuzine F\u0131nd\u0131k<\/p>\n<\/div><\/div>\n\n\n\n<div class=\"wp-block-media-text is-stacked-on-mobile\"><figure class=\"wp-block-media-text__media\"><img loading=\"lazy\" decoding=\"async\" width=\"593\" height=\"1024\" src=\"http:\/\/www.kuzinefindik.com.tr\/wp-content\/uploads\/2025\/01\/250-593x1024.jpg\" alt=\"\" class=\"wp-image-27 size-full\" srcset=\"http:\/\/www.kuzinefindik.com.tr\/wp-content\/uploads\/2025\/01\/250-593x1024.jpg 593w, http:\/\/www.kuzinefindik.com.tr\/wp-content\/uploads\/2025\/01\/250-174x300.jpg 174w, http:\/\/www.kuzinefindik.com.tr\/wp-content\/uploads\/2025\/01\/250-768x1325.jpg 768w, http:\/\/www.kuzinefindik.com.tr\/wp-content\/uploads\/2025\/01\/250.jpg 853w\" sizes=\"auto, (max-width: 593px) 100vw, 593px\" \/><\/figure><div class=\"wp-block-media-text__content\">\n<p>250 Gram Kuzine F\u0131nd\u0131k<\/p>\n<\/div><\/div>\n","protected":false},"excerpt":{"rendered":"<p>150 Gram Kuzine F\u0131nd\u0131k 250 Gram Kuzine F\u0131nd\u0131k<\/p>\n","protected":false},"author":1,"featured_media":0,"parent":0,"menu_order":0,"comment_status":"closed","ping_status":"closed","template":"","meta":{"footnotes":""},"class_list":["post-25","page","type-page","status-publish","hentry"],"_links":{"self":[{"href":"http:\/\/www.kuzinefindik.com.tr\/index.php?rest_route=\/wp\/v2\/pages\/25","targetHints":{"allow":["GET"]}}],"collection":[{"href":"http:\/\/www.kuzinefindik.com.tr\/index.php?rest_route=\/wp\/v2\/pages"}],"about":[{"href":"http:\/\/www.kuzinefindik.com.tr\/index.php?rest_route=\/wp\/v2\/types\/page"}],"author":[{"embeddable":true,"href":"http:\/\/www.kuzinefindik.com.tr\/index.php?rest_route=\/wp\/v2\/users\/1"}],"replies":[{"embeddable":true,"href":"http:\/\/www.kuzinefindik.com.tr\/index.php?rest_route=%2Fwp%2Fv2%2Fcomments&post=25"}],"version-history":[{"count":1,"href":"http:\/\/www.kuzinefindik.com.tr\/index.php?rest_route=\/wp\/v2\/pages\/25\/revisions"}],"predecessor-version":[{"id":28,"href":"http:\/\/www.kuzinefindik.com.tr\/index.php?rest_route=\/wp\/v2\/pages\/25\/revisions\/28"}],"wp:attachment":[{"href":"http:\/\/www.kuzinefindik.com.tr\/index.php?rest_route=%2Fwp%2Fv2%2Fmedia&parent=25"}],"curies":[{"name":"wp","href":"https:\/\/api.w.org\/{rel}","templated":true}]}}