{"id":6,"date":"2025-01-01T20:59:06","date_gmt":"2025-01-01T20:59:06","guid":{"rendered":"http:\/\/www.kuzinefindik.com.tr\/?page_id=6"},"modified":"2025-01-01T21:58:04","modified_gmt":"2025-01-01T21:58:04","slug":"anasayfa","status":"publish","type":"page","link":"http:\/\/www.kuzinefindik.com.tr\/","title":{"rendered":"Anasayfa"},"content":{"rendered":"\n<figure class=\"wp-block-image size-full is-style-default\"><img loading=\"lazy\" decoding=\"async\" width=\"1920\" height=\"810\" src=\"http:\/\/www.kuzinefindik.com.tr\/wp-content\/uploads\/2025\/01\/published_image_2-scaled-e1735766890740.jpg\" alt=\"\" class=\"wp-image-40\" srcset=\"http:\/\/www.kuzinefindik.com.tr\/wp-content\/uploads\/2025\/01\/published_image_2-scaled-e1735766890740.jpg 1920w, http:\/\/www.kuzinefindik.com.tr\/wp-content\/uploads\/2025\/01\/published_image_2-scaled-e1735766890740-300x127.jpg 300w, http:\/\/www.kuzinefindik.com.tr\/wp-content\/uploads\/2025\/01\/published_image_2-scaled-e1735766890740-1024x432.jpg 1024w, http:\/\/www.kuzinefindik.com.tr\/wp-content\/uploads\/2025\/01\/published_image_2-scaled-e1735766890740-768x324.jpg 768w, http:\/\/www.kuzinefindik.com.tr\/wp-content\/uploads\/2025\/01\/published_image_2-scaled-e1735766890740-1536x648.jpg 1536w\" sizes=\"auto, (max-width: 1920px) 100vw, 1920px\" \/><\/figure>\n\n\n\n<div class=\"wp-block-columns is-layout-flex wp-container-core-columns-is-layout-9d6595d7 wp-block-columns-is-layout-flex\">\n<div class=\"wp-block-column is-layout-flow wp-block-column-is-layout-flow\" style=\"flex-basis:100%\">\n<p>Ho\u015fgeldiniz!<\/p>\n\n\n\n<p class=\"has-medium-font-size\">Kuzine f\u0131nd\u0131k olarak hayat\u0131n\u0131za keyifli anlar katmak bizleri memnun edecektir. Bizler \u00fcr\u00fcnlerimizin ve hizmetlerimizin kalitesine b\u00fcy\u00fck \u00f6nem veriyoruz. D\u00fcnyan\u0131n en kaliteli ya\u011fl\u0131 f\u0131nd\u0131\u011f\u0131n\u0131 sizlere g\u00fcvenli ve do\u011fal bir \u015fekilde sunmak. Y\u00f6resel kavurma tekni\u011fiyle kavrulmu\u015f do\u011fal f\u0131nd\u0131klar\u0131m\u0131z\u0131n tad\u0131n\u0131 \u00e7\u0131karma f\u0131rsat\u0131n\u0131 sizlere sunmak isteriz.<\/p>\n\n\n\n<p class=\"has-medium-font-size\">\u00d6m\u00fcr boyu sa\u011fl\u0131kl\u0131 ve keyifli g\u00fcnler ge\u00e7irmeniz dile\u011fiyle\u2026.  <\/p>\n\n\n\n<p class=\"has-text-align-center has-medium-font-size\">Tu\u011frul K\u0131l\u0131\u00e7arslan MEM\u0130\u015e<\/p>\n<\/div>\n<\/div>\n\n\n\n<p><\/p>\n","protected":false},"excerpt":{"rendered":"<p>Ho\u015fgeldiniz! Kuzine f\u0131nd\u0131k olarak hayat\u0131n\u0131za keyifli anlar katmak bizleri memnun edecektir. Bizler \u00fcr\u00fcnlerimizin ve hizmetlerimizin kalitesine b\u00fcy\u00fck \u00f6nem veriyoruz. D\u00fcnyan\u0131n en kaliteli ya\u011fl\u0131 f\u0131nd\u0131\u011f\u0131n\u0131 sizlere&hellip;<\/p>\n","protected":false},"author":1,"featured_media":0,"parent":0,"menu_order":0,"comment_status":"closed","ping_status":"closed","template":"","meta":{"footnotes":""},"class_list":["post-6","page","type-page","status-publish","hentry"],"_links":{"self":[{"href":"http:\/\/www.kuzinefindik.com.tr\/index.php?rest_route=\/wp\/v2\/pages\/6","targetHints":{"allow":["GET"]}}],"collection":[{"href":"http:\/\/www.kuzinefindik.com.tr\/index.php?rest_route=\/wp\/v2\/pages"}],"about":[{"href":"http:\/\/www.kuzinefindik.com.tr\/index.php?rest_route=\/wp\/v2\/types\/page"}],"author":[{"embeddable":true,"href":"http:\/\/www.kuzinefindik.com.tr\/index.php?rest_route=\/wp\/v2\/users\/1"}],"replies":[{"embeddable":true,"href":"http:\/\/www.kuzinefindik.com.tr\/index.php?rest_route=%2Fwp%2Fv2%2Fcomments&post=6"}],"version-history":[{"count":3,"href":"http:\/\/www.kuzinefindik.com.tr\/index.php?rest_route=\/wp\/v2\/pages\/6\/revisions"}],"predecessor-version":[{"id":49,"href":"http:\/\/www.kuzinefindik.com.tr\/index.php?rest_route=\/wp\/v2\/pages\/6\/revisions\/49"}],"wp:attachment":[{"href":"http:\/\/www.kuzinefindik.com.tr\/index.php?rest_route=%2Fwp%2Fv2%2Fmedia&parent=6"}],"curies":[{"name":"wp","href":"https:\/\/api.w.org\/{rel}","templated":true}]}}