{"id":9,"date":"2025-01-01T20:57:39","date_gmt":"2025-01-01T20:57:39","guid":{"rendered":"http:\/\/www.kuzinefindik.com.tr\/?page_id=9"},"modified":"2025-01-01T20:57:39","modified_gmt":"2025-01-01T20:57:39","slug":"hakkimizda","status":"publish","type":"page","link":"http:\/\/www.kuzinefindik.com.tr\/?page_id=9","title":{"rendered":"Hakk\u0131m\u0131zda"},"content":{"rendered":"\n<div class=\"wp-block-columns are-vertically-aligned-top is-style-default is-layout-flex wp-container-core-columns-is-layout-9b91a3cf wp-block-columns-is-layout-flex\" style=\"border-style:none;border-width:0px;border-radius:0px;margin-top:0;margin-bottom:0;padding-top:0;padding-bottom:0\">\n<div class=\"wp-block-column is-vertically-aligned-top is-layout-flow wp-block-column-is-layout-flow\" style=\"flex-basis:50%\">\n<figure class=\"wp-block-image size-full\"><img loading=\"lazy\" decoding=\"async\" width=\"685\" height=\"480\" src=\"http:\/\/www.kuzinefindik.com.tr\/wp-content\/uploads\/2025\/01\/hakkimizda-Small.jpg\" alt=\"\" class=\"wp-image-11\" srcset=\"http:\/\/www.kuzinefindik.com.tr\/wp-content\/uploads\/2025\/01\/hakkimizda-Small.jpg 685w, http:\/\/www.kuzinefindik.com.tr\/wp-content\/uploads\/2025\/01\/hakkimizda-Small-300x210.jpg 300w\" sizes=\"auto, (max-width: 685px) 100vw, 685px\" \/><\/figure>\n\n\n\n<figure class=\"wp-block-image size-full\"><img loading=\"lazy\" decoding=\"async\" width=\"691\" height=\"480\" src=\"http:\/\/www.kuzinefindik.com.tr\/wp-content\/uploads\/2025\/01\/Untitled-3-Small.jpg\" alt=\"\" class=\"wp-image-12\" srcset=\"http:\/\/www.kuzinefindik.com.tr\/wp-content\/uploads\/2025\/01\/Untitled-3-Small.jpg 691w, http:\/\/www.kuzinefindik.com.tr\/wp-content\/uploads\/2025\/01\/Untitled-3-Small-300x208.jpg 300w\" sizes=\"auto, (max-width: 691px) 100vw, 691px\" \/><\/figure>\n<\/div>\n\n\n\n<div class=\"wp-block-column is-vertically-aligned-top is-layout-flow wp-block-column-is-layout-flow\" style=\"flex-basis:50%\">\n<p>Simge Temizlik Maddeleri ve G\u0131da firmas\u0131 2002 y\u0131l\u0131nda kurulmu\u015ftur. Ticari hayat\u0131na temizlik toptan malzemeleri olarak ba\u015flam\u0131\u015ft\u0131r.2017 y\u0131l\u0131nda f\u0131nd\u0131k pazarlama i\u015fine girmi\u015ftir.<\/p>\n\n\n\n<p>&nbsp;&nbsp;&nbsp;&nbsp;Yandaki resimler Demircili K\u00f6y\u00fcne aittir. K\u00f6y\u00fcm\u00fcz ortalama 200 mt rak\u0131ma sahiptir. K\u00f6y\u00fcm\u00fcz\u00fcn tarih\u00e7esi 1500-1600 y\u0131llar\u0131 aras\u0131na rastlamaktad\u0131r. O\u011fuzlar\u0131n \u00c7epni boyu bu b\u00f6lgeye yerle\u015fmi\u015ftir. Bu tarihlerde k\u00f6y\u00fcm\u00fczde demir i\u015fi ile ge\u00e7im hakim oldu\u011fundan daha sonra ismi Demircili olarak adland\u0131r\u0131lm\u0131\u015ft\u0131r.<\/p>\n\n\n\n<p>&nbsp;&nbsp;&nbsp;&nbsp;Bizler burada en do\u011fal ortamda \u00fcretilen f\u0131nd\u0131klar\u0131, y\u00f6resel olarak kavurmaktay\u0131z. K\u00f6y\u00fcm\u00fcz\u00fcn f\u0131nd\u0131k kalitesi (rand\u0131man\u0131) olduk\u00e7a iyidir. Yakla\u015f\u0131k %53 rand\u0131mana sahiptir.40 y\u0131ll\u0131k f\u0131nd\u0131k \u00fcretim tecr\u00fcbemiz vard\u0131r. F\u0131nd\u0131k bah\u00e7elerimizi mevsiminde en iyi \u015fekilde ay\u0131klamaktay\u0131z. G\u00fcbre olarak genellikle koyun g\u00fcbresi vermekteyiz.<\/p>\n\n\n\n<p>&nbsp;&nbsp;&nbsp;&nbsp;D\u00fcnyan\u0131n en kaliteli ve lezzetli f\u0131nd\u0131klar\u0131 Giresun ilinde yeti\u015ftirilmektedir.<\/p>\n<\/div>\n<\/div>\n\n\n\n<p><\/p>\n","protected":false},"excerpt":{"rendered":"<p>Simge Temizlik Maddeleri ve G\u0131da firmas\u0131 2002 y\u0131l\u0131nda kurulmu\u015ftur. Ticari hayat\u0131na temizlik toptan malzemeleri olarak ba\u015flam\u0131\u015ft\u0131r.2017 y\u0131l\u0131nda f\u0131nd\u0131k pazarlama i\u015fine girmi\u015ftir. &nbsp;&nbsp;&nbsp;&nbsp;Yandaki resimler Demircili K\u00f6y\u00fcne&hellip;<\/p>\n","protected":false},"author":1,"featured_media":0,"parent":0,"menu_order":0,"comment_status":"closed","ping_status":"closed","template":"","meta":{"footnotes":""},"class_list":["post-9","page","type-page","status-publish","hentry"],"_links":{"self":[{"href":"http:\/\/www.kuzinefindik.com.tr\/index.php?rest_route=\/wp\/v2\/pages\/9","targetHints":{"allow":["GET"]}}],"collection":[{"href":"http:\/\/www.kuzinefindik.com.tr\/index.php?rest_route=\/wp\/v2\/pages"}],"about":[{"href":"http:\/\/www.kuzinefindik.com.tr\/index.php?rest_route=\/wp\/v2\/types\/page"}],"author":[{"embeddable":true,"href":"http:\/\/www.kuzinefindik.com.tr\/index.php?rest_route=\/wp\/v2\/users\/1"}],"replies":[{"embeddable":true,"href":"http:\/\/www.kuzinefindik.com.tr\/index.php?rest_route=%2Fwp%2Fv2%2Fcomments&post=9"}],"version-history":[{"count":2,"href":"http:\/\/www.kuzinefindik.com.tr\/index.php?rest_route=\/wp\/v2\/pages\/9\/revisions"}],"predecessor-version":[{"id":14,"href":"http:\/\/www.kuzinefindik.com.tr\/index.php?rest_route=\/wp\/v2\/pages\/9\/revisions\/14"}],"wp:attachment":[{"href":"http:\/\/www.kuzinefindik.com.tr\/index.php?rest_route=%2Fwp%2Fv2%2Fmedia&parent=9"}],"curies":[{"name":"wp","href":"https:\/\/api.w.org\/{rel}","templated":true}]}}